{"id":3,"date":"2020-10-17T11:43:54","date_gmt":"2020-10-17T09:43:54","guid":{"rendered":"https:\/\/www.2e-bike.de\/?page_id=3"},"modified":"2024-04-29T14:12:59","modified_gmt":"2024-04-29T12:12:59","slug":"datenschutzerklaerung","status":"publish","type":"page","link":"https:\/\/www.2e-bike.de\/?page_id=3","title":{"rendered":"Impressum und Datenschutzerkl\u00e4rung"},"content":{"rendered":"\n<h1 class=\"wp-block-heading\">IMPRESSUM<\/h1>\n\n\n\n<p>Angaben gem\u00e4\u00df \u00a7 5 TMG:<br><br>E-Bike Service 2E-BikE<br>Inhaber: Ralf Engelberth<br>Dahlhausener Stra\u00dfe 25<br>51570 Windeck<\/p>\n\n\n\n<h2 class=\"wp-block-heading\">VERTRETEN DURCH:<\/h2>\n\n\n\n<p>Herr Ralf Engelberth<\/p>\n\n\n\n<h2 class=\"wp-block-heading\">KONTAKT:<\/h2>\n\n\n\n<p>Telefon: +49 (0) 2292\/922668<br>E-Mail: info@2e-bike.de<\/p>\n\n\n\n<h2 class=\"wp-block-heading\">UMSATZSTEUER-ID:<\/h2>\n\n\n\n<p>Umsatzsteuer-Identifikationsnummer gem\u00e4\u00df \u00a727 a Umsatzsteuergesetz:<br>Steuer-Nr.: 220\/5094\/1087<\/p>\n\n\n\n<h2 class=\"wp-block-heading\">VERANTWORTLICH F\u00dcR DEN INHALT NACH \u00a7 18 ABS. 2 MSTV:<\/h2>\n\n\n\n<p>Herr Ralf Engelberth<\/p>\n\n\n\n<h2 class=\"wp-block-heading\">Wer wir sind<\/h2>\n\n\n\n<p>Die Adresse unserer Website ist: https:\/\/www.2e-bike.de.<\/p>\n\n\n\n<h2 class=\"wp-block-heading\">Welche personenbezogenen Daten wir sammeln und warum wir sie sammeln<\/h2>\n\n\n\n<h3 class=\"wp-block-heading\">Kommentare<\/h3>\n\n\n\n<p>Wenn Besucher Kommentare auf der Website schreiben, sammeln wir die Daten, die im Kommentar-Formular angezeigt werden, au\u00dferdem die IP-Adresse des Besuchers und den User-Agent-String (damit wird der Browser identifiziert), um die Erkennung von Spam zu unterst\u00fctzen.<\/p>\n\n\n\n<p>Aus deiner E-Mail-Adresse kann eine anonymisierte Zeichenfolge erstellt (auch Hash genannt) und dem Gravatar-Dienst \u00fcbergeben werden, um zu pr\u00fcfen, ob du diesen benutzt. Die Datenschutzerkl\u00e4rung des Gravatar-Dienstes findest du hier: https:\/\/automattic.com\/privacy\/. Nachdem dein Kommentar freigegeben wurde, ist dein Profilbild \u00f6ffentlich im Kontext deines Kommentars sichtbar.<\/p>\n\n\n\n<h3 class=\"wp-block-heading\">Medien<\/h3>\n\n\n\n<p>Wenn du ein registrierter Benutzer bist und Fotos auf diese Website l\u00e4dst, solltest du vermeiden, Fotos mit einem EXIF-GPS-Standort hochzuladen. Besucher dieser Website k\u00f6nnten Fotos, die auf dieser Website gespeichert sind, herunterladen und deren Standort-Informationen extrahieren.<\/p>\n\n\n\n<h3 class=\"wp-block-heading\">Eingebettete Inhalte von anderen Websites<\/h3>\n\n\n\n<p>Beitr\u00e4ge auf dieser Website k\u00f6nnen eingebettete Inhalte beinhalten (z.&nbsp;B. Videos, Bilder, Beitr\u00e4ge etc.). Eingebettete Inhalte von anderen Websites verhalten sich exakt so, als ob der Besucher die andere Website besucht h\u00e4tte.<\/p>\n\n\n\n<p>Diese Websites k\u00f6nnen Daten \u00fcber dich sammeln, Cookies benutzen, zus\u00e4tzliche Tracking-Dienste von Dritten einbetten und deine Interaktion mit diesem eingebetteten Inhalt aufzeichnen, inklusive deiner Interaktion mit dem eingebetteten Inhalt, falls du ein Konto hast und auf dieser Website angemeldet bist.<\/p>\n\n\n\n<h3 class=\"wp-block-heading\">Analysedienste<\/h3>\n\n\n\n<h2 class=\"wp-block-heading\">Mit wem wir deine Daten teilen<\/h2>\n\n\n\n<p>In unserem Onlineangebot binden wir Inhaltselemente zur Erkl\u00e4rung des Dienstradleasing-Angebots der JobRad GmbH ein. Dabei kann es sich zum Beispiel um Texte, Grafiken oder den JobRad-Vorteilsrechner handeln (nachfolgend bezeichnet als \u201eJobRad-Inhalte\u201c). Diese JobRad-Inhalte werden \u00fcber die Domain <a href=\"https:\/\/www.jobrad.org\">https:\/\/www.jobrad.org<\/a> eingebunden. Es werden bei der Nutzung dieser eingebundenen JobRad-Inhalte keine Cookies zu Nutzeraktivit\u00e4ten und keine personenbezogenen Daten zur Nutzung an die JobRad GmbH \u00fcbermittelt.<\/p>\n\n\n\n<h2 class=\"wp-block-heading\">Wie lange wir deine Daten speichern<\/h2>\n\n\n\n<p>Wenn du einen Kommentar schreibst, wird dieser inklusive Metadaten zeitlich unbegrenzt gespeichert. Auf diese Art k\u00f6nnen wir Folgekommentare automatisch erkennen und freigeben, anstatt sie in einer Moderations-Warteschlange festzuhalten.<\/p>\n\n\n\n<p>F\u00fcr Benutzer, die sich auf unserer Website registrieren, speichern wir zus\u00e4tzlich die pers\u00f6nlichen Informationen, die sie in ihren Benutzerprofilen angeben. Alle Benutzer k\u00f6nnen jederzeit ihre pers\u00f6nlichen Informationen einsehen, ver\u00e4ndern oder l\u00f6schen (der Benutzername kann nicht ver\u00e4ndert werden). Administratoren der Website k\u00f6nnen diese Informationen ebenfalls einsehen und ver\u00e4ndern.<\/p>\n\n\n\n<h2 class=\"wp-block-heading\">Welche Rechte du an deinen Daten hast<\/h2>\n\n\n\n<p>Wenn du ein Konto auf dieser Website besitzt oder Kommentare geschrieben hast, kannst du einen Export deiner personenbezogenen Daten bei uns anfordern, inklusive aller Daten, die du uns mitgeteilt hast. Dar\u00fcber hinaus kannst du die L\u00f6schung aller personenbezogenen Daten, die wir von dir gespeichert haben, anfordern. Dies umfasst nicht die Daten, die wir aufgrund administrativer, rechtlicher oder sicherheitsrelevanter Notwendigkeiten aufbewahren m\u00fcssen.<\/p>\n\n\n\n<h2 class=\"wp-block-heading\">Wohin wir deine Daten senden<\/h2>\n\n\n\n<p>Besucher-Kommentare k\u00f6nnten von einem automatisierten Dienst zur Spam-Erkennung untersucht werden.<\/p>\n","protected":false},"excerpt":{"rendered":"<p>IMPRESSUM Angaben gem\u00e4\u00df \u00a7 5 TMG: E-Bike Service 2E-BikEInhaber: Ralf EngelberthDahlhausener Stra\u00dfe 2551570 Windeck VERTRETEN DURCH: Herr Ralf Engelberth KONTAKT: Telefon: +49 (0) 2292\/922668E-Mail: info@2e-bike.de UMSATZSTEUER-ID: Umsatzsteuer-Identifikationsnummer gem\u00e4\u00df \u00a727 a Umsatzsteuergesetz:Steuer-Nr.: 220\/5094\/1087 VERANTWORTLICH F\u00dcR DEN INHALT NACH \u00a7 18 ABS. 2 MSTV: Herr Ralf Engelberth Wer wir sind Die Adresse unserer Website ist: https:\/\/www.2e-bike.de. Welche [&hellip;]<\/p>\n","protected":false},"author":1,"featured_media":0,"parent":0,"menu_order":0,"comment_status":"closed","ping_status":"closed","template":"page-no-title","meta":{"footnotes":""},"class_list":["post-3","page","type-page","status-publish","hentry"],"_links":{"self":[{"href":"https:\/\/www.2e-bike.de\/index.php?rest_route=\/wp\/v2\/pages\/3","targetHints":{"allow":["GET"]}}],"collection":[{"href":"https:\/\/www.2e-bike.de\/index.php?rest_route=\/wp\/v2\/pages"}],"about":[{"href":"https:\/\/www.2e-bike.de\/index.php?rest_route=\/wp\/v2\/types\/page"}],"author":[{"embeddable":true,"href":"https:\/\/www.2e-bike.de\/index.php?rest_route=\/wp\/v2\/users\/1"}],"replies":[{"embeddable":true,"href":"https:\/\/www.2e-bike.de\/index.php?rest_route=%2Fwp%2Fv2%2Fcomments&post=3"}],"version-history":[{"count":7,"href":"https:\/\/www.2e-bike.de\/index.php?rest_route=\/wp\/v2\/pages\/3\/revisions"}],"predecessor-version":[{"id":214,"href":"https:\/\/www.2e-bike.de\/index.php?rest_route=\/wp\/v2\/pages\/3\/revisions\/214"}],"wp:attachment":[{"href":"https:\/\/www.2e-bike.de\/index.php?rest_route=%2Fwp%2Fv2%2Fmedia&parent=3"}],"curies":[{"name":"wp","href":"https:\/\/api.w.org\/{rel}","templated":true}]}}